{"id":440,"date":"2019-04-08T08:54:45","date_gmt":"2019-04-08T08:54:45","guid":{"rendered":"http:\/\/ayudawcds.usal.es\/?page_id=440"},"modified":"2021-07-13T11:06:29","modified_gmt":"2021-07-13T11:06:29","slug":"creacion-o-edicion-de-paginas","status":"publish","type":"page","link":"https:\/\/wcds2021.usal.es\/en\/creacion-o-edicion-de-paginas\/","title":{"rendered":"(Espa\u00f1ol) Creaci\u00f3n o edici\u00f3n de p\u00e1ginas"},"content":{"rendered":"<p><\/a> )<br \/>\n<img loading=\"lazy\" decoding=\"async\" class=\"size-full wp-image-592 aligncenter\" src=\"https:\/\/wcds2021.usal.es\/wp-content\/uploads\/sites\/70\/2021\/04\/destacada2.png\" alt=\"\" width=\"172\" height=\"182\" \/><br \/>\nY marcamos el bot\u00f3n<br \/>\n<img loading=\"lazy\" decoding=\"async\" class=\"size-full wp-image-593 aligncenter\" src=\"https:\/\/wcds2021.usal.es\/wp-content\/uploads\/sites\/70\/2021\/04\/destacada3.png\" alt=\"\" width=\"267\" height=\"112\" \/><br \/>\nEl cuadro anterior, ahora, tendr\u00e1 el aspecto:<br \/>\n<img loading=\"lazy\" decoding=\"async\" class=\"size-full wp-image-594 aligncenter\" src=\"https:\/\/wcds2021.usal.es\/wp-content\/uploads\/sites\/70\/2021\/04\/destacada4.png\" alt=\"\" width=\"299\" height=\"478\" \/><br \/>\nY ya tenemos la imagen incluida. Es importante tener en cuenta que la imagen no se muestra en la p\u00e1gina en el momento en que la estamos creando o editando. No debemos preocuparnos si aparentemente no ha cambiado nada. En el momento de visualizar la p\u00e1gina se ver\u00e1 todo correctamente:<img loading=\"lazy\" decoding=\"async\" class=\"alignnone size-large wp-image-595\" src=\"https:\/\/wcds2021.usal.es\/wp-content\/uploads\/sites\/70\/2021\/04\/destacada5-1024x589.png\" alt=\"\" width=\"840\" height=\"483\" srcset=\"https:\/\/wcds2021.usal.es\/wp-content\/uploads\/sites\/70\/2021\/04\/destacada5-1024x589.png 1024w, https:\/\/wcds2021.usal.es\/wp-content\/uploads\/sites\/70\/2021\/04\/destacada5-300x172.png 300w, https:\/\/wcds2021.usal.es\/wp-content\/uploads\/sites\/70\/2021\/04\/destacada5-768x441.png 768w, https:\/\/wcds2021.usal.es\/wp-content\/uploads\/sites\/70\/2021\/04\/destacada5.png 1044w\" sizes=\"auto, (max-width: 767px) 89vw, (max-width: 1000px) 54vw, (max-width: 1071px) 543px, 580px\" \/><br \/>\n&nbsp;<br \/>\n<strong>Publicaci\u00f3n de la p\u00e1gina<\/strong><br \/>\nUna vez que se ha creado la p\u00e1gina hay que publicarla -o, al menos guardarla- para que no se pierda el contenido.<br \/>\nEn la parte derecha de la pantalla nos encontramos el cuadro <span style=\"color: #ff0000\">(5)<\/span> con las opciones de publicaci\u00f3n.<br \/>\nComo se ve, podemos dejarla como borrador sin publicarla a\u00fan, publicarla o, incluso, dejarla protegida con una contrase\u00f1a para que sea accesible \u00fanicamente a las personas que nosotros deseemos -y proporcionemos la clave-.<br \/>\nAsimismo, podemos borrar lo creado, lo cual nos anima a poder hacer pruebas de todo esto antes de publicar algo.<br \/>\nSi queremos proceder a publicar la p\u00e1gina simplemente tendremos que pulsar el bot\u00f3n correspondiente (n\u00f3tese que si la p\u00e1gina ya existe, en lugar de la palabra\u00a0 &#8220;publicar&#8221; figura &#8220;actualizar&#8221;) .<br \/>\nEn ese momento, salvo que ya hubi\u00e9ramos guardado antes la p\u00e1gina, esta queda creada y con la url que aparece en la parte superior,justo debajo de la ventana de t\u00edtulo. En el caso de esta p\u00e1gina en concreto, por ejemplo:<br \/>\n<img loading=\"lazy\" decoding=\"async\" class=\"size-full wp-image-445 aligncenter\" src=\"https:\/\/wcds2021.usal.es\/wp-content\/uploads\/sites\/70\/2019\/04\/grabar.jpg\" alt=\"\" width=\"553\" height=\"43\" srcset=\"https:\/\/wcds2021.usal.es\/wp-content\/uploads\/sites\/70\/2019\/04\/grabar.jpg 553w, https:\/\/wcds2021.usal.es\/wp-content\/uploads\/sites\/70\/2019\/04\/grabar-300x23.jpg 300w\" sizes=\"auto, (max-width: 553px) 100vw, 553px\" \/><br \/>\nComo se ve, incluso podemos editar la url y cambiarla como\u00a0 ya se indic\u00f3 anteriormente.<br \/>\n<strong>Idiomas<\/strong><br \/>\nUna nota final. En el caso de estar creando una p\u00e1gina multiling\u00fce, tendremos que crear p\u00e1ginas distintas para cada idioma. WordPress no traduce (afortunadamente) las p\u00e1ginas. Para ello simplemente seleccionaremos la pesta\u00f1a del idioma correspondiente <span style=\"color: #ff0000\">(6)<span style=\"color: #000000\"> y crearemos el contenido, t\u00edtulo incluido. NO hay que preocuparse del enlace; una vez creadas las p\u00e1ginas de cada idioma, se seleccionar\u00e1n adecuadamente en cada caso sin que tengamos que hacer nada.<\/span><\/span><br \/>\nUna vez que tenemos creada una p\u00e1gina, podemos incluirla en un men\u00fa.<br \/>\n__________________________<br \/>\n<strong>Continuar la gu\u00eda desde aqui: <a href=\"http:\/\/ayudawcds.usal.es\/administracion-de-menus\/\">http:\/\/ayudawcds.usal.es\/administracion-de-menus\/<\/a><\/strong><br \/>\n&nbsp;<\/p>","protected":false},"excerpt":{"rendered":"<p>) Y marcamos el bot\u00f3n El cuadro anterior, ahora, tendr\u00e1 el aspecto: Y ya tenemos la imagen incluida. Es importante tener en cuenta que la imagen no se muestra en la p\u00e1gina en el momento en que la estamos creando o editando. No debemos preocuparnos si aparentemente no ha cambiado nada. En el momento de &hellip; <\/p>\n<p class=\"link-more\"><a href=\"https:\/\/wcds2021.usal.es\/en\/creacion-o-edicion-de-paginas\/\" class=\"more-link\">Continue reading<span class=\"screen-reader-text\"> &#8220;(Espa\u00f1ol) Creaci\u00f3n o edici\u00f3n de p\u00e1ginas&#8221;<\/span><\/a><\/p>\n","protected":false},"author":1,"featured_media":0,"parent":0,"menu_order":0,"comment_status":"closed","ping_status":"closed","template":"","meta":{"footnotes":""},"class_list":["post-440","page","type-page","status-publish","hentry"],"aioseo_notices":[],"_links":{"self":[{"href":"https:\/\/wcds2021.usal.es\/en\/wp-json\/wp\/v2\/pages\/440","targetHints":{"allow":["GET"]}}],"collection":[{"href":"https:\/\/wcds2021.usal.es\/en\/wp-json\/wp\/v2\/pages"}],"about":[{"href":"https:\/\/wcds2021.usal.es\/en\/wp-json\/wp\/v2\/types\/page"}],"author":[{"embeddable":true,"href":"https:\/\/wcds2021.usal.es\/en\/wp-json\/wp\/v2\/users\/1"}],"replies":[{"embeddable":true,"href":"https:\/\/wcds2021.usal.es\/en\/wp-json\/wp\/v2\/comments?post=440"}],"version-history":[{"count":6,"href":"https:\/\/wcds2021.usal.es\/en\/wp-json\/wp\/v2\/pages\/440\/revisions"}],"predecessor-version":[{"id":702,"href":"https:\/\/wcds2021.usal.es\/en\/wp-json\/wp\/v2\/pages\/440\/revisions\/702"}],"wp:attachment":[{"href":"https:\/\/wcds2021.usal.es\/en\/wp-json\/wp\/v2\/media?parent=440"}],"curies":[{"name":"wp","href":"https:\/\/api.w.org\/{rel}","templated":true}]}}